{"id":20,"date":"2021-02-11T16:24:40","date_gmt":"2021-02-11T14:24:40","guid":{"rendered":"https:\/\/ankkurikellari.fi\/?page_id=20"},"modified":"2025-03-31T13:46:09","modified_gmt":"2025-03-31T10:46:09","slug":"index","status":"publish","type":"page","link":"https:\/\/ankkurikellari.fi\/","title":{"rendered":"Ankkurikellari"},"content":{"rendered":"<div class=\"fusion-fullwidth fullwidth-box fusion-builder-row-1 fusion-flex-container nonhundred-percent-fullwidth non-hundred-percent-height-scrolling\" style=\"--awb-border-radius-top-left:0px;--awb-border-radius-top-right:0px;--awb-border-radius-bottom-right:0px;--awb-border-radius-bottom-left:0px;\" ><div class=\"fusion-builder-row fusion-row fusion-flex-align-items-flex-start\" style=\"max-width:1248px;margin-left: calc(-4% \/ 2 );margin-right: calc(-4% \/ 2 );\"><div class=\"fusion-layout-column fusion_builder_column fusion-builder-column-0 fusion_builder_column_2_3 2_3 fusion-flex-column\" style=\"--awb-bg-size:cover;--awb-width-large:66.666666666667%;--awb-margin-top-large:0px;--awb-spacing-right-large:2.88%;--awb-margin-bottom-large:20px;--awb-spacing-left-large:2.88%;--awb-width-medium:66.666666666667%;--awb-order-medium:0;--awb-spacing-right-medium:2.88%;--awb-spacing-left-medium:2.88%;--awb-width-small:100%;--awb-order-small:0;--awb-spacing-right-small:1.92%;--awb-spacing-left-small:1.92%;\"><div class=\"fusion-column-wrapper fusion-column-has-shadow fusion-flex-justify-content-flex-start fusion-content-layout-column\"><div class=\"fusion-text fusion-text-1\"><div style=\"text-align: left;\">Ankkurikellari on kaksikerroksinen vanha juustokellari, joka on toiminut my\u00f6s tanssien pitopaikkana. Nykyisin tila toimii majoitus- ja juhlatilana. Ankkurikellari sijaitsee Kokkilassa aivan Kemi\u00f6nsaareen viev\u00e4n lossin kupeessa. Vierest\u00e4 l\u00f6ytyv\u00e4t my\u00f6s baarikahvila Lossiranta ja kaupungin uimala.<\/div>\n<div><\/div>\n<\/div><div class=\"fusion-text fusion-text-2\"><p>Ankkurikellarin yl\u00e4kerrassa on 100 hengen juhlatila ja keitti\u00f6 juhlaj\u00e4rjest\u00e4jien k\u00e4ytt\u00f6\u00f6n. Alakerrassa puolestaan ovat sauna ja kaksi pesutilaa, pieni keittokomero sek\u00e4 tunnelmallinen takkatila, joten tila sopii esimerkiksi saunaillan pitoon. Lis\u00e4ksi Ankkurikellarista l\u00f6ytyy 7 majoitushuonetta, joissa makuupaikkoja on 4-6.<\/p>\n<p><span style=\"background-color: rgba(255, 255, 255, 0); color: var(--body_typography-color); font-family: var(--body_typography-font-family); font-size: var(--body_typography-font-size); font-style: var(--body_typography-font-style,normal); font-weight: var(--body_typography-font-weight); letter-spacing: var(--body_typography-letter-spacing);\">Meill\u00e4 voit j\u00e4rjest\u00e4\u00e4 tilaisuuden toiveidesi mukaan, r\u00e4\u00e4t\u00e4l\u00f6imme tilaisuudet aina teid\u00e4n n\u00e4k\u00f6iseksi. Kauttamme j\u00e4rjestyy my\u00f6s b\u00e4ndi tapahtumaanne &#8211; kysy lis\u00e4\u00e4 niin j\u00e4rjest\u00e4mme teille ikimuistoisen tilaisuuden!<\/span><\/p>\n<\/div><\/div><\/div><div class=\"fusion-layout-column fusion_builder_column fusion-builder-column-1 fusion_builder_column_1_3 1_3 fusion-flex-column\" style=\"--awb-bg-size:cover;--awb-width-large:33.333333333333%;--awb-margin-top-large:0px;--awb-spacing-right-large:5.76%;--awb-margin-bottom-large:20px;--awb-spacing-left-large:5.76%;--awb-width-medium:33.333333333333%;--awb-order-medium:0;--awb-spacing-right-medium:5.76%;--awb-spacing-left-medium:5.76%;--awb-width-small:100%;--awb-order-small:0;--awb-spacing-right-small:1.92%;--awb-spacing-left-small:1.92%;\"><div class=\"fusion-column-wrapper fusion-column-has-shadow fusion-flex-justify-content-flex-start fusion-content-layout-column\"><div class=\"awb-gallery-wrapper awb-gallery-wrapper-1 button-span-no\" style=\"--more-btn-alignment:center;\"><div style=\"margin:-5px;--awb-bordersize:0px;\" class=\"fusion-gallery fusion-gallery-container fusion-grid-3 fusion-columns-total-7 fusion-gallery-layout-grid fusion-gallery-1\"><div style=\"padding:5px;\" class=\"fusion-grid-column fusion-gallery-column fusion-gallery-column-3 hover-type-none\"><div class=\"fusion-gallery-image\"><a href=\"https:\/\/ankkurikellari.fi\/wp-content\/uploads\/2021\/02\/0814554a75eefd49987e61eafdbb2e81d897c584.jpg\" rel=\"noreferrer\" data-rel=\"iLightbox[gallery_image_1]\" class=\"fusion-lightbox\" target=\"_self\"><img decoding=\"async\" src=\"https:\/\/ankkurikellari.fi\/wp-content\/uploads\/2021\/02\/0814554a75eefd49987e61eafdbb2e81d897c584.jpg\" width=\"639\" height=\"480\" alt=\"\" title=\"0814554a75eefd49987e61eafdbb2e81d897c584\" aria-label=\"0814554a75eefd49987e61eafdbb2e81d897c584\" class=\"img-responsive wp-image-19\" srcset=\"https:\/\/ankkurikellari.fi\/wp-content\/uploads\/2021\/02\/0814554a75eefd49987e61eafdbb2e81d897c584-200x150.jpg 200w, https:\/\/ankkurikellari.fi\/wp-content\/uploads\/2021\/02\/0814554a75eefd49987e61eafdbb2e81d897c584-400x300.jpg 400w, https:\/\/ankkurikellari.fi\/wp-content\/uploads\/2021\/02\/0814554a75eefd49987e61eafdbb2e81d897c584-600x451.jpg 600w, https:\/\/ankkurikellari.fi\/wp-content\/uploads\/2021\/02\/0814554a75eefd49987e61eafdbb2e81d897c584.jpg 639w\" sizes=\"(min-width: 2200px) 100vw, (min-width: 784px) 397px, (min-width: 712px) 595px, (min-width: 640px) 712px, \" \/><\/a><\/div><\/div><div style=\"padding:5px;\" class=\"fusion-grid-column fusion-gallery-column fusion-gallery-column-3 hover-type-none\"><div class=\"fusion-gallery-image\"><a href=\"https:\/\/ankkurikellari.fi\/wp-content\/uploads\/2021\/02\/7b96f99b53508669268f887cf4f2584ad99ea052.jpg\" rel=\"noreferrer\" data-rel=\"iLightbox[gallery_image_1]\" class=\"fusion-lightbox\" target=\"_self\"><img decoding=\"async\" src=\"https:\/\/ankkurikellari.fi\/wp-content\/uploads\/2021\/02\/7b96f99b53508669268f887cf4f2584ad99ea052.jpg\" width=\"639\" height=\"480\" alt=\"\" title=\"7b96f99b53508669268f887cf4f2584ad99ea052\" aria-label=\"7b96f99b53508669268f887cf4f2584ad99ea052\" class=\"img-responsive wp-image-14\" srcset=\"https:\/\/ankkurikellari.fi\/wp-content\/uploads\/2021\/02\/7b96f99b53508669268f887cf4f2584ad99ea052-200x150.jpg 200w, https:\/\/ankkurikellari.fi\/wp-content\/uploads\/2021\/02\/7b96f99b53508669268f887cf4f2584ad99ea052-400x300.jpg 400w, https:\/\/ankkurikellari.fi\/wp-content\/uploads\/2021\/02\/7b96f99b53508669268f887cf4f2584ad99ea052-600x451.jpg 600w, https:\/\/ankkurikellari.fi\/wp-content\/uploads\/2021\/02\/7b96f99b53508669268f887cf4f2584ad99ea052.jpg 639w\" sizes=\"(min-width: 2200px) 100vw, (min-width: 784px) 397px, (min-width: 712px) 595px, (min-width: 640px) 712px, \" \/><\/a><\/div><\/div><div style=\"padding:5px;\" class=\"fusion-grid-column fusion-gallery-column fusion-gallery-column-3 hover-type-none\"><div class=\"fusion-gallery-image\"><a href=\"https:\/\/ankkurikellari.fi\/wp-content\/uploads\/2021\/02\/7b706a58e8b17fa9e15ecdeb6220617e11021e00.jpg\" rel=\"noreferrer\" data-rel=\"iLightbox[gallery_image_1]\" class=\"fusion-lightbox\" target=\"_self\"><img decoding=\"async\" src=\"https:\/\/ankkurikellari.fi\/wp-content\/uploads\/2021\/02\/7b706a58e8b17fa9e15ecdeb6220617e11021e00.jpg\" width=\"639\" height=\"480\" alt=\"\" title=\"7b706a58e8b17fa9e15ecdeb6220617e11021e00\" aria-label=\"7b706a58e8b17fa9e15ecdeb6220617e11021e00\" class=\"img-responsive wp-image-15\" srcset=\"https:\/\/ankkurikellari.fi\/wp-content\/uploads\/2021\/02\/7b706a58e8b17fa9e15ecdeb6220617e11021e00-200x150.jpg 200w, https:\/\/ankkurikellari.fi\/wp-content\/uploads\/2021\/02\/7b706a58e8b17fa9e15ecdeb6220617e11021e00-400x300.jpg 400w, https:\/\/ankkurikellari.fi\/wp-content\/uploads\/2021\/02\/7b706a58e8b17fa9e15ecdeb6220617e11021e00-600x451.jpg 600w, https:\/\/ankkurikellari.fi\/wp-content\/uploads\/2021\/02\/7b706a58e8b17fa9e15ecdeb6220617e11021e00.jpg 639w\" sizes=\"(min-width: 2200px) 100vw, (min-width: 784px) 397px, (min-width: 712px) 595px, (min-width: 640px) 712px, \" \/><\/a><\/div><\/div><div class=\"clearfix\"><\/div><div style=\"padding:5px;\" class=\"fusion-grid-column fusion-gallery-column fusion-gallery-column-3 hover-type-none\"><div class=\"fusion-gallery-image\"><a href=\"https:\/\/ankkurikellari.fi\/wp-content\/uploads\/2021\/02\/249da68785d58b41ed2382e87b9f6bcb8a9bd729.jpg\" rel=\"noreferrer\" data-rel=\"iLightbox[gallery_image_1]\" class=\"fusion-lightbox\" target=\"_self\"><img decoding=\"async\" src=\"https:\/\/ankkurikellari.fi\/wp-content\/uploads\/2021\/02\/249da68785d58b41ed2382e87b9f6bcb8a9bd729.jpg\" width=\"639\" height=\"480\" alt=\"\" title=\"249da68785d58b41ed2382e87b9f6bcb8a9bd729\" aria-label=\"249da68785d58b41ed2382e87b9f6bcb8a9bd729\" class=\"img-responsive wp-image-17\" srcset=\"https:\/\/ankkurikellari.fi\/wp-content\/uploads\/2021\/02\/249da68785d58b41ed2382e87b9f6bcb8a9bd729-200x150.jpg 200w, https:\/\/ankkurikellari.fi\/wp-content\/uploads\/2021\/02\/249da68785d58b41ed2382e87b9f6bcb8a9bd729-400x300.jpg 400w, https:\/\/ankkurikellari.fi\/wp-content\/uploads\/2021\/02\/249da68785d58b41ed2382e87b9f6bcb8a9bd729-600x451.jpg 600w, https:\/\/ankkurikellari.fi\/wp-content\/uploads\/2021\/02\/249da68785d58b41ed2382e87b9f6bcb8a9bd729.jpg 639w\" sizes=\"(min-width: 2200px) 100vw, (min-width: 784px) 397px, (min-width: 712px) 595px, (min-width: 640px) 712px, \" \/><\/a><\/div><\/div><div style=\"padding:5px;\" class=\"fusion-grid-column fusion-gallery-column fusion-gallery-column-3 hover-type-none\"><div class=\"fusion-gallery-image\"><a href=\"https:\/\/ankkurikellari.fi\/wp-content\/uploads\/2021\/02\/1453a7a2cc29c323b7a8f21f4e5633ebbff66c19.jpg\" rel=\"noreferrer\" data-rel=\"iLightbox[gallery_image_1]\" class=\"fusion-lightbox\" target=\"_self\"><img decoding=\"async\" src=\"https:\/\/ankkurikellari.fi\/wp-content\/uploads\/2021\/02\/1453a7a2cc29c323b7a8f21f4e5633ebbff66c19.jpg\" width=\"639\" height=\"480\" alt=\"\" title=\"1453a7a2cc29c323b7a8f21f4e5633ebbff66c19\" aria-label=\"1453a7a2cc29c323b7a8f21f4e5633ebbff66c19\" class=\"img-responsive wp-image-18\" srcset=\"https:\/\/ankkurikellari.fi\/wp-content\/uploads\/2021\/02\/1453a7a2cc29c323b7a8f21f4e5633ebbff66c19-200x150.jpg 200w, https:\/\/ankkurikellari.fi\/wp-content\/uploads\/2021\/02\/1453a7a2cc29c323b7a8f21f4e5633ebbff66c19-400x300.jpg 400w, https:\/\/ankkurikellari.fi\/wp-content\/uploads\/2021\/02\/1453a7a2cc29c323b7a8f21f4e5633ebbff66c19-600x451.jpg 600w, https:\/\/ankkurikellari.fi\/wp-content\/uploads\/2021\/02\/1453a7a2cc29c323b7a8f21f4e5633ebbff66c19.jpg 639w\" sizes=\"(min-width: 2200px) 100vw, (min-width: 784px) 397px, (min-width: 712px) 595px, (min-width: 640px) 712px, \" \/><\/a><\/div><\/div><div style=\"padding:5px;\" class=\"fusion-grid-column fusion-gallery-column fusion-gallery-column-3 hover-type-none\"><div class=\"fusion-gallery-image\"><a href=\"https:\/\/ankkurikellari.fi\/wp-content\/uploads\/2025\/03\/IMG-20250316-WA0010-scaled.jpeg\" rel=\"noreferrer\" data-rel=\"iLightbox[gallery_image_1]\" class=\"fusion-lightbox\" target=\"_self\"><img decoding=\"async\" src=\"https:\/\/ankkurikellari.fi\/wp-content\/uploads\/2025\/03\/IMG-20250316-WA0010-scaled.jpeg\" width=\"2560\" height=\"1440\" alt=\"\" title=\"IMG-20250316-WA0010\" aria-label=\"IMG-20250316-WA0010\" class=\"img-responsive wp-image-67\" srcset=\"https:\/\/ankkurikellari.fi\/wp-content\/uploads\/2025\/03\/IMG-20250316-WA0010-200x113.jpeg 200w, https:\/\/ankkurikellari.fi\/wp-content\/uploads\/2025\/03\/IMG-20250316-WA0010-400x225.jpeg 400w, https:\/\/ankkurikellari.fi\/wp-content\/uploads\/2025\/03\/IMG-20250316-WA0010-600x338.jpeg 600w, https:\/\/ankkurikellari.fi\/wp-content\/uploads\/2025\/03\/IMG-20250316-WA0010-800x450.jpeg 800w, https:\/\/ankkurikellari.fi\/wp-content\/uploads\/2025\/03\/IMG-20250316-WA0010-1200x675.jpeg 1200w, https:\/\/ankkurikellari.fi\/wp-content\/uploads\/2025\/03\/IMG-20250316-WA0010-scaled.jpeg 2560w\" sizes=\"(min-width: 2200px) 100vw, (min-width: 784px) 397px, (min-width: 712px) 595px, (min-width: 640px) 712px, \" \/><\/a><\/div><\/div><div class=\"clearfix\"><\/div><div style=\"padding:5px;\" class=\"fusion-grid-column fusion-gallery-column fusion-gallery-column-3 hover-type-none\"><div class=\"fusion-gallery-image\"><a href=\"https:\/\/ankkurikellari.fi\/wp-content\/uploads\/2025\/03\/IMG-20250316-WA0006-scaled.jpeg\" rel=\"noreferrer\" data-rel=\"iLightbox[gallery_image_1]\" class=\"fusion-lightbox\" target=\"_self\"><img decoding=\"async\" src=\"https:\/\/ankkurikellari.fi\/wp-content\/uploads\/2025\/03\/IMG-20250316-WA0006-scaled.jpeg\" width=\"2560\" height=\"1440\" alt=\"\" title=\"IMG-20250316-WA0006\" aria-label=\"IMG-20250316-WA0006\" class=\"img-responsive wp-image-66\" srcset=\"https:\/\/ankkurikellari.fi\/wp-content\/uploads\/2025\/03\/IMG-20250316-WA0006-200x113.jpeg 200w, https:\/\/ankkurikellari.fi\/wp-content\/uploads\/2025\/03\/IMG-20250316-WA0006-400x225.jpeg 400w, https:\/\/ankkurikellari.fi\/wp-content\/uploads\/2025\/03\/IMG-20250316-WA0006-600x338.jpeg 600w, https:\/\/ankkurikellari.fi\/wp-content\/uploads\/2025\/03\/IMG-20250316-WA0006-800x450.jpeg 800w, https:\/\/ankkurikellari.fi\/wp-content\/uploads\/2025\/03\/IMG-20250316-WA0006-1200x675.jpeg 1200w, https:\/\/ankkurikellari.fi\/wp-content\/uploads\/2025\/03\/IMG-20250316-WA0006-scaled.jpeg 2560w\" sizes=\"(min-width: 2200px) 100vw, (min-width: 784px) 397px, (min-width: 712px) 595px, (min-width: 640px) 712px, \" \/><\/a><\/div><\/div><\/div><\/div><\/div><\/div><div class=\"fusion-layout-column fusion_builder_column fusion-builder-column-2 fusion_builder_column_1_2 1_2 fusion-flex-column\" style=\"--awb-bg-size:cover;--awb-width-large:50%;--awb-margin-top-large:0px;--awb-spacing-right-large:3.84%;--awb-margin-bottom-large:20px;--awb-spacing-left-large:3.84%;--awb-width-medium:50%;--awb-order-medium:0;--awb-spacing-right-medium:3.84%;--awb-spacing-left-medium:3.84%;--awb-width-small:100%;--awb-order-small:0;--awb-spacing-right-small:1.92%;--awb-spacing-left-small:1.92%;\"><div class=\"fusion-column-wrapper fusion-column-has-shadow fusion-flex-justify-content-flex-start fusion-content-layout-column\"><div class=\"fusion-testimonials classic fusion-testimonials-1\" style=\"--awb-textcolor:#4a4e57;--awb-backgroundcolor:#f9f9fb;\" data-random=\"0\" data-speed=\"4000\"><div class=\"reviews\"><div class=\"review active-testimonial male\"><blockquote><q class=\"fusion-clearfix\">\n<p>Ota yhteytt\u00e4 ja varaa!<\/p>\n<\/q><\/blockquote><div class=\"author\"><span class=\"testimonial-thumbnail doe\"><\/span><span class=\"company-name\"><strong>Antti Hallamaa<\/strong>, <span>+358 500 599 227<\/span><\/span><\/div><\/div><\/div><\/div><\/div><\/div><\/div><\/div>\n","protected":false},"excerpt":{"rendered":"","protected":false},"author":1,"featured_media":0,"parent":0,"menu_order":0,"comment_status":"closed","ping_status":"closed","template":"","meta":{"_acf_changed":false,"footnotes":""},"class_list":["post-20","page","type-page","status-publish","hentry"],"acf":[],"_links":{"self":[{"href":"https:\/\/ankkurikellari.fi\/index.php\/wp-json\/wp\/v2\/pages\/20","targetHints":{"allow":["GET"]}}],"collection":[{"href":"https:\/\/ankkurikellari.fi\/index.php\/wp-json\/wp\/v2\/pages"}],"about":[{"href":"https:\/\/ankkurikellari.fi\/index.php\/wp-json\/wp\/v2\/types\/page"}],"author":[{"embeddable":true,"href":"https:\/\/ankkurikellari.fi\/index.php\/wp-json\/wp\/v2\/users\/1"}],"replies":[{"embeddable":true,"href":"https:\/\/ankkurikellari.fi\/index.php\/wp-json\/wp\/v2\/comments?post=20"}],"version-history":[{"count":13,"href":"https:\/\/ankkurikellari.fi\/index.php\/wp-json\/wp\/v2\/pages\/20\/revisions"}],"predecessor-version":[{"id":68,"href":"https:\/\/ankkurikellari.fi\/index.php\/wp-json\/wp\/v2\/pages\/20\/revisions\/68"}],"wp:attachment":[{"href":"https:\/\/ankkurikellari.fi\/index.php\/wp-json\/wp\/v2\/media?parent=20"}],"curies":[{"name":"wp","href":"https:\/\/api.w.org\/{rel}","templated":true}]}}